{"id":237,"date":"2025-03-14T16:06:19","date_gmt":"2025-03-14T16:06:19","guid":{"rendered":"https:\/\/rmselections.pt\/?page_id=237"},"modified":"2025-03-14T16:09:51","modified_gmt":"2025-03-14T16:09:51","slug":"investimento-imobiliario","status":"publish","type":"page","link":"https:\/\/rmselections.pt\/en\/areas-de-negocio\/investimento-imobiliario\/","title":{"rendered":"Real Estate Investment"},"content":{"rendered":"<div data-elementor-type=\"wp-page\" data-elementor-id=\"237\" class=\"elementor elementor-237\">\n\t\t\t\t<div class=\"elementor-element elementor-element-7f68d295 e-con-full e-flex e-con e-parent\" data-id=\"7f68d295\" data-element_type=\"container\" data-settings=\"{&quot;background_background&quot;:&quot;classic&quot;}\">\n\t\t\t\t<\/div>\n\t\t<div class=\"elementor-element elementor-element-3d8717f e-flex e-con-boxed e-con e-parent\" data-id=\"3d8717f\" data-element_type=\"container\" data-settings=\"{&quot;background_background&quot;:&quot;classic&quot;}\">\n\t\t\t\t\t<div class=\"e-con-inner\">\n\t\t<div class=\"elementor-element elementor-element-58c29f00 e-con-full e-flex e-con e-child\" data-id=\"58c29f00\" data-element_type=\"container\">\n\t\t\t\t<div class=\"elementor-element elementor-element-78bdf3e1 animated-slow elementor-invisible elementor-widget elementor-widget-heading\" data-id=\"78bdf3e1\" data-element_type=\"widget\" data-settings=\"{&quot;_animation&quot;:&quot;fadeInUp&quot;}\" data-widget_type=\"heading.default\">\n\t\t\t\t<div class=\"elementor-widget-container\">\n\t\t\t\t\t<h3 class=\"elementor-heading-title elementor-size-default\">Real Estate Investment<\/h3>\t\t\t\t<\/div>\n\t\t\t\t<\/div>\n\t\t\t\t<div class=\"elementor-element elementor-element-139a7a39 animated-slow elementor-invisible elementor-widget elementor-widget-text-editor\" data-id=\"139a7a39\" data-element_type=\"widget\" data-settings=\"{&quot;_animation&quot;:&quot;fadeInUp&quot;}\" data-widget_type=\"text-editor.default\">\n\t\t\t\t<div class=\"elementor-widget-container\">\n\t\t\t\t\t\t\t\t\t<p>R&amp;M Selections is a key player in real estate, specializing in property acquisition, sales, and asset management. With a strategic investment approach, we identify high-potential opportunities that maximize returns for both sales and leasing.<\/p><p>Working alongside industry experts, we handle every stage of the process\u2014from market analysis to regulatory compliance and commercialization\u2014ensuring a seamless, transparent, and secure investment experience.<\/p><p>With deep market knowledge and an extensive network, we offer exclusive, well-structured opportunities tailored to our client's needs.<\/p>\t\t\t\t\t\t\t\t<\/div>\n\t\t\t\t<\/div>\n\t\t\t\t<\/div>\n\t\t<div class=\"elementor-element elementor-element-4f653356 e-con-full e-flex e-con e-child\" data-id=\"4f653356\" data-element_type=\"container\">\n\t\t<div class=\"elementor-element elementor-element-cc09f4a e-con-full animated-slow e-flex elementor-invisible e-con e-child\" data-id=\"cc09f4a\" data-element_type=\"container\" data-settings=\"{&quot;animation&quot;:&quot;fadeInUp&quot;}\">\n\t\t<div class=\"elementor-element elementor-element-64e22c52 e-con-full e-flex e-con e-child\" data-id=\"64e22c52\" data-element_type=\"container\">\n\t\t<div class=\"elementor-element elementor-element-7b09cd43 e-con-full e-flex e-con e-child\" data-id=\"7b09cd43\" data-element_type=\"container\">\n\t\t\t\t<div class=\"elementor-element elementor-element-26d52f94 elementor-widget__width-initial elementor-widget elementor-widget-heading\" data-id=\"26d52f94\" data-element_type=\"widget\" data-widget_type=\"heading.default\">\n\t\t\t\t<div class=\"elementor-widget-container\">\n\t\t\t\t\t<h4 class=\"elementor-heading-title elementor-size-default\">Real Estate Portfolio<\/h4>\t\t\t\t<\/div>\n\t\t\t\t<\/div>\n\t\t\t\t<\/div>\n\t\t\t\t<\/div>\n\t\t\t\t<div class=\"elementor-element elementor-element-55f3510a elementor-widget-divider--view-line elementor-widget elementor-widget-divider\" data-id=\"55f3510a\" data-element_type=\"widget\" data-widget_type=\"divider.default\">\n\t\t\t\t<div class=\"elementor-widget-container\">\n\t\t\t\t\t\t\t<div class=\"elementor-divider\">\n\t\t\t<span class=\"elementor-divider-separator\">\n\t\t\t\t\t\t<\/span>\n\t\t<\/div>\n\t\t\t\t\t\t<\/div>\n\t\t\t\t<\/div>\n\t\t\t\t<div class=\"elementor-element elementor-element-6fcbab85 elementor-align-left elementor-icon-list--layout-traditional elementor-list-item-link-full_width elementor-widget elementor-widget-icon-list\" data-id=\"6fcbab85\" data-element_type=\"widget\" data-widget_type=\"icon-list.default\">\n\t\t\t\t<div class=\"elementor-widget-container\">\n\t\t\t\t\t\t\t<ul class=\"elementor-icon-list-items\">\n\t\t\t\t\t\t\t<li class=\"elementor-icon-list-item\">\n\t\t\t\t\t\t\t\t\t\t\t<span class=\"elementor-icon-list-icon\">\n\t\t\t\t\t\t\t<i aria-hidden=\"true\" class=\"icon icon-chevron-right-circle\"><\/i>\t\t\t\t\t\t<\/span>\n\t\t\t\t\t\t\t\t\t\t<span class=\"elementor-icon-list-text\">Apartments<\/span>\n\t\t\t\t\t\t\t\t\t<\/li>\n\t\t\t\t\t\t\t\t<li class=\"elementor-icon-list-item\">\n\t\t\t\t\t\t\t\t\t\t\t<span class=\"elementor-icon-list-icon\">\n\t\t\t\t\t\t\t<i aria-hidden=\"true\" class=\"icon icon-chevron-right-circle\"><\/i>\t\t\t\t\t\t<\/span>\n\t\t\t\t\t\t\t\t\t\t<span class=\"elementor-icon-list-text\">Villas<\/span>\n\t\t\t\t\t\t\t\t\t<\/li>\n\t\t\t\t\t\t\t\t<li class=\"elementor-icon-list-item\">\n\t\t\t\t\t\t\t\t\t\t\t<span class=\"elementor-icon-list-icon\">\n\t\t\t\t\t\t\t<i aria-hidden=\"true\" class=\"icon icon-chevron-right-circle\"><\/i>\t\t\t\t\t\t<\/span>\n\t\t\t\t\t\t\t\t\t\t<span class=\"elementor-icon-list-text\">Offices<\/span>\n\t\t\t\t\t\t\t\t\t<\/li>\n\t\t\t\t\t\t\t\t<li class=\"elementor-icon-list-item\">\n\t\t\t\t\t\t\t\t\t\t\t<span class=\"elementor-icon-list-icon\">\n\t\t\t\t\t\t\t<i aria-hidden=\"true\" class=\"icon icon-chevron-right-circle\"><\/i>\t\t\t\t\t\t<\/span>\n\t\t\t\t\t\t\t\t\t\t<span class=\"elementor-icon-list-text\">Retail Spaces<\/span>\n\t\t\t\t\t\t\t\t\t<\/li>\n\t\t\t\t\t\t\t\t<li class=\"elementor-icon-list-item\">\n\t\t\t\t\t\t\t\t\t\t\t<span class=\"elementor-icon-list-icon\">\n\t\t\t\t\t\t\t<i aria-hidden=\"true\" class=\"icon icon-chevron-right-circle\"><\/i>\t\t\t\t\t\t<\/span>\n\t\t\t\t\t\t\t\t\t\t<span class=\"elementor-icon-list-text\">Land Development<\/span>\n\t\t\t\t\t\t\t\t\t<\/li>\n\t\t\t\t\t\t<\/ul>\n\t\t\t\t\t\t<\/div>\n\t\t\t\t<\/div>\n\t\t\t\t<\/div>\n\t\t\t\t<\/div>\n\t\t\t\t\t<\/div>\n\t\t\t\t<\/div>\n\t\t\t\t<\/div>","protected":false},"excerpt":{"rendered":"<p>Investimento Imobili\u00e1rio A R&amp;M Selections \u00e9 um player estrat\u00e9gico no setor imobili\u00e1rio, focado na compra, venda e gest\u00e3o de ativos imobili\u00e1rios. Com uma abordagem integrada, desenvolvemos estrat\u00e9gias de investimento adaptadas \u00e0s necessidades dos nossos clientes, assegurando oportunidades de valoriza\u00e7\u00e3o e rentabilidade, tanto para venda como para arrendamento. Trabalhamos em parceria com especialistas do setor para [&hellip;]<\/p>","protected":false},"author":2,"featured_media":0,"parent":175,"menu_order":0,"comment_status":"closed","ping_status":"closed","template":"elementor_header_footer","meta":{"footnotes":""},"class_list":["post-237","page","type-page","status-publish","hentry"],"_links":{"self":[{"href":"https:\/\/rmselections.pt\/en\/wp-json\/wp\/v2\/pages\/237","targetHints":{"allow":["GET"]}}],"collection":[{"href":"https:\/\/rmselections.pt\/en\/wp-json\/wp\/v2\/pages"}],"about":[{"href":"https:\/\/rmselections.pt\/en\/wp-json\/wp\/v2\/types\/page"}],"author":[{"embeddable":true,"href":"https:\/\/rmselections.pt\/en\/wp-json\/wp\/v2\/users\/2"}],"replies":[{"embeddable":true,"href":"https:\/\/rmselections.pt\/en\/wp-json\/wp\/v2\/comments?post=237"}],"version-history":[{"count":4,"href":"https:\/\/rmselections.pt\/en\/wp-json\/wp\/v2\/pages\/237\/revisions"}],"predecessor-version":[{"id":245,"href":"https:\/\/rmselections.pt\/en\/wp-json\/wp\/v2\/pages\/237\/revisions\/245"}],"up":[{"embeddable":true,"href":"https:\/\/rmselections.pt\/en\/wp-json\/wp\/v2\/pages\/175"}],"wp:attachment":[{"href":"https:\/\/rmselections.pt\/en\/wp-json\/wp\/v2\/media?parent=237"}],"curies":[{"name":"wp","href":"https:\/\/api.w.org\/{rel}","templated":true}]}}