{"id":175,"date":"2025-03-14T10:28:30","date_gmt":"2025-03-14T10:28:30","guid":{"rendered":"https:\/\/rmselections.pt\/?page_id=175"},"modified":"2025-03-14T16:31:49","modified_gmt":"2025-03-14T16:31:49","slug":"areas-de-negocio","status":"publish","type":"page","link":"https:\/\/rmselections.pt\/en\/areas-de-negocio\/","title":{"rendered":"Business Areas"},"content":{"rendered":"<div data-elementor-type=\"wp-page\" data-elementor-id=\"175\" class=\"elementor elementor-175\">\n\t\t\t\t<div class=\"elementor-element elementor-element-7478cb2b e-con-full e-flex e-con e-parent\" data-id=\"7478cb2b\" data-element_type=\"container\" data-settings=\"{&quot;background_background&quot;:&quot;classic&quot;}\">\n\t\t\t\t<\/div>\n\t\t<div class=\"elementor-element elementor-element-601a013d e-flex e-con-boxed e-con e-parent\" data-id=\"601a013d\" data-element_type=\"container\" data-settings=\"{&quot;background_background&quot;:&quot;classic&quot;}\">\n\t\t\t\t\t<div class=\"e-con-inner\">\n\t\t\t\t<div class=\"elementor-element elementor-element-25afcf08 animated-slow elementor-invisible elementor-widget elementor-widget-heading\" data-id=\"25afcf08\" data-element_type=\"widget\" data-settings=\"{&quot;_animation&quot;:&quot;fadeInUp&quot;}\" data-widget_type=\"heading.default\">\n\t\t\t\t<div class=\"elementor-widget-container\">\n\t\t\t\t\t<h5 class=\"elementor-heading-title elementor-size-default\">Business Areas<\/h5>\t\t\t\t<\/div>\n\t\t\t\t<\/div>\n\t\t\t\t<div class=\"elementor-element elementor-element-17e5f76d animated-slow elementor-invisible elementor-widget elementor-widget-heading\" data-id=\"17e5f76d\" data-element_type=\"widget\" data-settings=\"{&quot;_animation&quot;:&quot;fadeInUp&quot;}\" data-widget_type=\"heading.default\">\n\t\t\t\t<div class=\"elementor-widget-container\">\n\t\t\t\t\t<h2 class=\"elementor-heading-title elementor-size-default\">Solu\u00e7\u00f5es Integradas<\/h2>\t\t\t\t<\/div>\n\t\t\t\t<\/div>\n\t\t\t\t<div class=\"elementor-element elementor-element-2c9828de elementor-widget__width-initial animated-slow elementor-invisible elementor-widget elementor-widget-text-editor\" data-id=\"2c9828de\" data-element_type=\"widget\" data-settings=\"{&quot;_animation&quot;:&quot;fadeInUp&quot;}\" data-widget_type=\"text-editor.default\">\n\t\t\t\t<div class=\"elementor-widget-container\">\n\t\t\t\t\t\t\t\t\t<p>A R&amp;M Selections atua em diversos setores, oferecendo solu\u00e7\u00f5es integradas e adaptadas \u00e0s necessidades dos seus clientes. Com uma abordagem estrat\u00e9gica e global, destacamo-nos nas seguintes \u00e1reas de neg\u00f3cio<\/p>\t\t\t\t\t\t\t\t<\/div>\n\t\t\t\t<\/div>\n\t\t<div class=\"elementor-element elementor-element-75eaa94f e-con-full e-flex e-con e-child\" data-id=\"75eaa94f\" data-element_type=\"container\">\n\t\t<div class=\"elementor-element elementor-element-65cd631c e-con-full e-flex e-con e-child\" data-id=\"65cd631c\" data-element_type=\"container\">\n\t\t<div class=\"elementor-element elementor-element-5ef9eab9 e-con-full animated-slow e-flex elementor-invisible e-con e-child\" data-id=\"5ef9eab9\" data-element_type=\"container\" data-settings=\"{&quot;animation&quot;:&quot;fadeInUp&quot;,&quot;animation_delay&quot;:300}\">\n\t\t<div class=\"elementor-element elementor-element-35f54325 e-con-full e-flex e-con e-child\" data-id=\"35f54325\" data-element_type=\"container\">\n\t\t<div class=\"elementor-element elementor-element-204d4c98 e-con-full e-flex e-con e-child\" data-id=\"204d4c98\" data-element_type=\"container\">\n\t\t\t\t<div class=\"elementor-element elementor-element-95fbe52 elementor-view-default elementor-widget elementor-widget-icon\" data-id=\"95fbe52\" data-element_type=\"widget\" data-widget_type=\"icon.default\">\n\t\t\t\t<div class=\"elementor-widget-container\">\n\t\t\t\t\t\t\t<div class=\"elementor-icon-wrapper\">\n\t\t\t<div class=\"elementor-icon\">\n\t\t\t<i aria-hidden=\"true\" class=\"icon icon-tshirt\"><\/i>\t\t\t<\/div>\n\t\t<\/div>\n\t\t\t\t\t\t<\/div>\n\t\t\t\t<\/div>\n\t\t\t\t<\/div>\n\t\t<div class=\"elementor-element elementor-element-1a484c78 e-con-full e-flex e-con e-child\" data-id=\"1a484c78\" data-element_type=\"container\">\n\t\t\t\t<div class=\"elementor-element elementor-element-2141d3b8 elementor-view-default elementor-widget elementor-widget-icon\" data-id=\"2141d3b8\" data-element_type=\"widget\" data-widget_type=\"icon.default\">\n\t\t\t\t<div class=\"elementor-widget-container\">\n\t\t\t\t\t\t\t<div class=\"elementor-icon-wrapper\">\n\t\t\t<a class=\"elementor-icon\" href=\"https:\/\/rmselections.pt\/en\/areas-de-negocio\/textil-uniformes-e-merchandising\/\">\n\t\t\t<i aria-hidden=\"true\" class=\"icon icon-right-arrow\"><\/i>\t\t\t<\/a>\n\t\t<\/div>\n\t\t\t\t\t\t<\/div>\n\t\t\t\t<\/div>\n\t\t\t\t<\/div>\n\t\t\t\t<\/div>\n\t\t\t\t<div class=\"elementor-element elementor-element-21163c0 elementor-widget elementor-widget-heading\" data-id=\"21163c0\" data-element_type=\"widget\" data-widget_type=\"heading.default\">\n\t\t\t\t<div class=\"elementor-widget-container\">\n\t\t\t\t\t<h4 class=\"elementor-heading-title elementor-size-default\"><a href=\"https:\/\/rmselections.pt\/en\/areas-de-negocio\/textil-uniformes-e-merchandising\/\">T\u00eaxtil, Uniformes e Merchandising<\/a><\/h4>\t\t\t\t<\/div>\n\t\t\t\t<\/div>\n\t\t\t\t<div class=\"elementor-element elementor-element-c368036 elementor-widget elementor-widget-text-editor\" data-id=\"c368036\" data-element_type=\"widget\" data-widget_type=\"text-editor.default\">\n\t\t\t\t<div class=\"elementor-widget-container\">\n\t\t\t\t\t\t\t\t\t<p>Roupa de cama, banho e mesa para hotelaria, hospitais e spas<\/p><p>Fardamento profissional customize<\/p><p>Equipamentos de Prote\u00e7\u00e3o Individual (EPI\u2019s)<\/p><p>Cal\u00e7ado e acess\u00f3rios para diversos setores<\/p><p>Merchandising corporativo e promocional<\/p>\t\t\t\t\t\t\t\t<\/div>\n\t\t\t\t<\/div>\n\t\t\t\t<\/div>\n\t\t<div class=\"elementor-element elementor-element-7a64284 e-con-full animated-slow e-flex elementor-invisible e-con e-child\" data-id=\"7a64284\" data-element_type=\"container\" data-settings=\"{&quot;animation&quot;:&quot;fadeInUp&quot;,&quot;animation_delay&quot;:500}\">\n\t\t<div class=\"elementor-element elementor-element-1ffa20c e-con-full e-flex e-con e-child\" data-id=\"1ffa20c\" data-element_type=\"container\">\n\t\t<div class=\"elementor-element elementor-element-eab4871 e-con-full e-flex e-con e-child\" data-id=\"eab4871\" data-element_type=\"container\">\n\t\t\t\t<div class=\"elementor-element elementor-element-c249126 elementor-view-default elementor-widget elementor-widget-icon\" data-id=\"c249126\" data-element_type=\"widget\" data-widget_type=\"icon.default\">\n\t\t\t\t<div class=\"elementor-widget-container\">\n\t\t\t\t\t\t\t<div class=\"elementor-icon-wrapper\">\n\t\t\t<div class=\"elementor-icon\">\n\t\t\t<i aria-hidden=\"true\" class=\"icon icon-Safe-house\"><\/i>\t\t\t<\/div>\n\t\t<\/div>\n\t\t\t\t\t\t<\/div>\n\t\t\t\t<\/div>\n\t\t\t\t<\/div>\n\t\t<div class=\"elementor-element elementor-element-6b52de8 e-con-full e-flex e-con e-child\" data-id=\"6b52de8\" data-element_type=\"container\">\n\t\t\t\t<div class=\"elementor-element elementor-element-fbc44ca elementor-view-default elementor-widget elementor-widget-icon\" data-id=\"fbc44ca\" data-element_type=\"widget\" data-widget_type=\"icon.default\">\n\t\t\t\t<div class=\"elementor-widget-container\">\n\t\t\t\t\t\t\t<div class=\"elementor-icon-wrapper\">\n\t\t\t<a class=\"elementor-icon\" href=\"https:\/\/rmselections.pt\/en\/areas-de-negocio\/investimento-imobiliario\/\">\n\t\t\t<i aria-hidden=\"true\" class=\"icon icon-right-arrow\"><\/i>\t\t\t<\/a>\n\t\t<\/div>\n\t\t\t\t\t\t<\/div>\n\t\t\t\t<\/div>\n\t\t\t\t<\/div>\n\t\t\t\t<\/div>\n\t\t\t\t<div class=\"elementor-element elementor-element-2f860d7 elementor-widget elementor-widget-heading\" data-id=\"2f860d7\" data-element_type=\"widget\" data-widget_type=\"heading.default\">\n\t\t\t\t<div class=\"elementor-widget-container\">\n\t\t\t\t\t<h4 class=\"elementor-heading-title elementor-size-default\"><a href=\"https:\/\/rmselections.pt\/en\/areas-de-negocio\/investimento-imobiliario\/\">Real estate<\/a><\/h4>\t\t\t\t<\/div>\n\t\t\t\t<\/div>\n\t\t\t\t<div class=\"elementor-element elementor-element-2f0fd5f elementor-widget elementor-widget-text-editor\" data-id=\"2f0fd5f\" data-element_type=\"widget\" data-widget_type=\"text-editor.default\">\n\t\t\t\t<div class=\"elementor-widget-container\">\n\t\t\t\t\t\t\t\t\t<p>Compra e venda de apartamentos e moradias<\/p><p>Comercializa\u00e7\u00e3o e arrendamento de escrit\u00f3rios e espa\u00e7os comerciais<\/p><p>Gest\u00e3o e valoriza\u00e7\u00e3o de ativos imobili\u00e1rios<\/p><p>Terrenos para constru\u00e7\u00e3o e investimento<\/p>\t\t\t\t\t\t\t\t<\/div>\n\t\t\t\t<\/div>\n\t\t\t\t<\/div>\n\t\t<div class=\"elementor-element elementor-element-d57d3a6 e-con-full animated-slow e-flex elementor-invisible e-con e-child\" data-id=\"d57d3a6\" data-element_type=\"container\" data-settings=\"{&quot;animation&quot;:&quot;fadeInUp&quot;,&quot;animation_delay&quot;:700}\">\n\t\t<div class=\"elementor-element elementor-element-1681dc4 e-con-full e-flex e-con e-child\" data-id=\"1681dc4\" data-element_type=\"container\">\n\t\t<div class=\"elementor-element elementor-element-3e602df e-con-full e-flex e-con e-child\" data-id=\"3e602df\" data-element_type=\"container\">\n\t\t\t\t<div class=\"elementor-element elementor-element-9bb0ad6 elementor-view-default elementor-widget elementor-widget-icon\" data-id=\"9bb0ad6\" data-element_type=\"widget\" data-widget_type=\"icon.default\">\n\t\t\t\t<div class=\"elementor-widget-container\">\n\t\t\t\t\t\t\t<div class=\"elementor-icon-wrapper\">\n\t\t\t<div class=\"elementor-icon\">\n\t\t\t<i aria-hidden=\"true\" class=\"icon icon-team-1\"><\/i>\t\t\t<\/div>\n\t\t<\/div>\n\t\t\t\t\t\t<\/div>\n\t\t\t\t<\/div>\n\t\t\t\t<\/div>\n\t\t<div class=\"elementor-element elementor-element-7bf531b e-con-full e-flex e-con e-child\" data-id=\"7bf531b\" data-element_type=\"container\">\n\t\t\t\t<div class=\"elementor-element elementor-element-f3d2582 elementor-view-default elementor-widget elementor-widget-icon\" data-id=\"f3d2582\" data-element_type=\"widget\" data-widget_type=\"icon.default\">\n\t\t\t\t<div class=\"elementor-widget-container\">\n\t\t\t\t\t\t\t<div class=\"elementor-icon-wrapper\">\n\t\t\t<a class=\"elementor-icon\" href=\"https:\/\/rmselections.pt\/en\/areas-de-negocio\/trading-e-comercio-internacional\/\">\n\t\t\t<i aria-hidden=\"true\" class=\"icon icon-right-arrow\"><\/i>\t\t\t<\/a>\n\t\t<\/div>\n\t\t\t\t\t\t<\/div>\n\t\t\t\t<\/div>\n\t\t\t\t<\/div>\n\t\t\t\t<\/div>\n\t\t\t\t<div class=\"elementor-element elementor-element-c7c6dc9 elementor-widget elementor-widget-heading\" data-id=\"c7c6dc9\" data-element_type=\"widget\" data-widget_type=\"heading.default\">\n\t\t\t\t<div class=\"elementor-widget-container\">\n\t\t\t\t\t<h4 class=\"elementor-heading-title elementor-size-default\"><a href=\"https:\/\/rmselections.pt\/en\/areas-de-negocio\/trading-e-comercio-internacional\/\">Trading &amp; International Commerce<\/a><\/h4>\t\t\t\t<\/div>\n\t\t\t\t<\/div>\n\t\t\t\t<div class=\"elementor-element elementor-element-230a202 elementor-widget elementor-widget-text-editor\" data-id=\"230a202\" data-element_type=\"widget\" data-widget_type=\"text-editor.default\">\n\t\t\t\t<div class=\"elementor-widget-container\">\n\t\t\t\t\t\t\t\t\t<p><span style=\"font-weight: 400;\">Procurement e log\u00edstica especializada<\/span><\/p><p><span style=\"font-weight: 400;\">Fornecimento de bens alimentares e bebidas<\/span><\/p><p><span style=\"font-weight: 400;\">Trading de t\u00eaxteis, fardamento e merchandising<\/span><\/p><p><span style=\"font-weight: 400;\">Equipamentos e solu\u00e7\u00f5es completas para hotelaria<\/span><\/p><p><span style=\"font-weight: 400;\">Consultoria e representa\u00e7\u00f5es comerciais internacionais<\/span><\/p>\t\t\t\t\t\t\t\t<\/div>\n\t\t\t\t<\/div>\n\t\t\t\t<\/div>\n\t\t<div class=\"elementor-element elementor-element-b2c6031 e-con-full animated-slow e-flex elementor-invisible e-con e-child\" data-id=\"b2c6031\" data-element_type=\"container\" data-settings=\"{&quot;animation&quot;:&quot;fadeInUp&quot;,&quot;animation_delay&quot;:900}\">\n\t\t<div class=\"elementor-element elementor-element-5487699 e-con-full e-flex e-con e-child\" data-id=\"5487699\" data-element_type=\"container\">\n\t\t<div class=\"elementor-element elementor-element-af1edc9 e-con-full e-flex e-con e-child\" data-id=\"af1edc9\" data-element_type=\"container\">\n\t\t\t\t<div class=\"elementor-element elementor-element-271457b elementor-view-default elementor-widget elementor-widget-icon\" data-id=\"271457b\" data-element_type=\"widget\" data-widget_type=\"icon.default\">\n\t\t\t\t<div class=\"elementor-widget-container\">\n\t\t\t\t\t\t\t<div class=\"elementor-icon-wrapper\">\n\t\t\t<div class=\"elementor-icon\">\n\t\t\t<i aria-hidden=\"true\" class=\"icon icon-pen_shape\"><\/i>\t\t\t<\/div>\n\t\t<\/div>\n\t\t\t\t\t\t<\/div>\n\t\t\t\t<\/div>\n\t\t\t\t<\/div>\n\t\t<div class=\"elementor-element elementor-element-ba3b966 e-con-full e-flex e-con e-child\" data-id=\"ba3b966\" data-element_type=\"container\">\n\t\t\t\t<div class=\"elementor-element elementor-element-c56ba2b elementor-view-default elementor-widget elementor-widget-icon\" data-id=\"c56ba2b\" data-element_type=\"widget\" data-widget_type=\"icon.default\">\n\t\t\t\t<div class=\"elementor-widget-container\">\n\t\t\t\t\t\t\t<div class=\"elementor-icon-wrapper\">\n\t\t\t<a class=\"elementor-icon\" href=\"https:\/\/rmselections.pt\/en\/areas-de-negocio\/arquitetura-e-design-de-interiores\/\">\n\t\t\t<i aria-hidden=\"true\" class=\"icon icon-right-arrow\"><\/i>\t\t\t<\/a>\n\t\t<\/div>\n\t\t\t\t\t\t<\/div>\n\t\t\t\t<\/div>\n\t\t\t\t<\/div>\n\t\t\t\t<\/div>\n\t\t\t\t<div class=\"elementor-element elementor-element-0fd898e elementor-widget elementor-widget-heading\" data-id=\"0fd898e\" data-element_type=\"widget\" data-widget_type=\"heading.default\">\n\t\t\t\t<div class=\"elementor-widget-container\">\n\t\t\t\t\t<h4 class=\"elementor-heading-title elementor-size-default\"><a href=\"https:\/\/rmselections.pt\/en\/areas-de-negocio\/arquitetura-e-design-de-interiores\/\">Architecture &amp; Interior Design<\/a><\/h4>\t\t\t\t<\/div>\n\t\t\t\t<\/div>\n\t\t\t\t<div class=\"elementor-element elementor-element-8557f09 elementor-widget elementor-widget-text-editor\" data-id=\"8557f09\" data-element_type=\"widget\" data-widget_type=\"text-editor.default\">\n\t\t\t\t<div class=\"elementor-widget-container\">\n\t\t\t\t\t\t\t\t\t<p><span style=\"font-weight: 400;\">Projetos chave na m\u00e3o para habita\u00e7\u00e3o, hotelaria e com\u00e9rcio<\/span><\/p><p><span style=\"font-weight: 400;\">Decora\u00e7\u00e3o e otimiza\u00e7\u00e3o de espa\u00e7os empresariais e residenciais<\/span><\/p><p><span style=\"font-weight: 400;\">Sele\u00e7\u00e3o e fornecimento de mobili\u00e1rio, ilumina\u00e7\u00e3o e acabamentos<\/span><\/p><p><span style=\"font-weight: 400;\">Solu\u00e7\u00f5es personalizadas para interiores modernos e funcionais<\/span><\/p>\t\t\t\t\t\t\t\t<\/div>\n\t\t\t\t<\/div>\n\t\t\t\t<\/div>\n\t\t\t\t<\/div>\n\t\t\t\t<\/div>\n\t\t\t\t\t<\/div>\n\t\t\t\t<\/div>\n\t\t\t\t<\/div>","protected":false},"excerpt":{"rendered":"<p>\u00c1reas de Neg\u00f3cio Solu\u00e7\u00f5es Integradas A R&amp;M Selections atua em diversos setores, oferecendo solu\u00e7\u00f5es integradas e adaptadas \u00e0s necessidades dos seus clientes. Com uma abordagem estrat\u00e9gica e global, destacamo-nos nas seguintes \u00e1reas de neg\u00f3cio T\u00eaxtil, Uniformes e Merchandising Roupa de cama, banho e mesa para hotelaria, hospitais e spas Fardamento profissional customize Equipamentos de Prote\u00e7\u00e3o [&hellip;]<\/p>","protected":false},"author":2,"featured_media":0,"parent":0,"menu_order":0,"comment_status":"closed","ping_status":"closed","template":"elementor_header_footer","meta":{"footnotes":""},"class_list":["post-175","page","type-page","status-publish","hentry"],"_links":{"self":[{"href":"https:\/\/rmselections.pt\/en\/wp-json\/wp\/v2\/pages\/175","targetHints":{"allow":["GET"]}}],"collection":[{"href":"https:\/\/rmselections.pt\/en\/wp-json\/wp\/v2\/pages"}],"about":[{"href":"https:\/\/rmselections.pt\/en\/wp-json\/wp\/v2\/types\/page"}],"author":[{"embeddable":true,"href":"https:\/\/rmselections.pt\/en\/wp-json\/wp\/v2\/users\/2"}],"replies":[{"embeddable":true,"href":"https:\/\/rmselections.pt\/en\/wp-json\/wp\/v2\/comments?post=175"}],"version-history":[{"count":22,"href":"https:\/\/rmselections.pt\/en\/wp-json\/wp\/v2\/pages\/175\/revisions"}],"predecessor-version":[{"id":268,"href":"https:\/\/rmselections.pt\/en\/wp-json\/wp\/v2\/pages\/175\/revisions\/268"}],"wp:attachment":[{"href":"https:\/\/rmselections.pt\/en\/wp-json\/wp\/v2\/media?parent=175"}],"curies":[{"name":"wp","href":"https:\/\/api.w.org\/{rel}","templated":true}]}}