{"id":168,"date":"2025-03-13T17:55:41","date_gmt":"2025-03-13T17:55:41","guid":{"rendered":"https:\/\/rmselections.pt\/?page_id=168"},"modified":"2025-03-14T11:21:43","modified_gmt":"2025-03-14T11:21:43","slug":"quem-somos","status":"publish","type":"page","link":"https:\/\/rmselections.pt\/en\/quem-somos\/","title":{"rendered":"About Us"},"content":{"rendered":"<div data-elementor-type=\"wp-page\" data-elementor-id=\"168\" class=\"elementor elementor-168\">\n\t\t\t\t<div class=\"elementor-element elementor-element-1cab8187 e-con-full e-flex e-con e-parent\" data-id=\"1cab8187\" data-element_type=\"container\" data-settings=\"{&quot;background_background&quot;:&quot;classic&quot;}\">\n\t\t\t\t<\/div>\n\t\t<div class=\"elementor-element elementor-element-7504431a e-flex e-con-boxed e-con e-parent\" data-id=\"7504431a\" data-element_type=\"container\" data-settings=\"{&quot;background_background&quot;:&quot;classic&quot;}\">\n\t\t\t\t\t<div class=\"e-con-inner\">\n\t\t<div class=\"elementor-element elementor-element-389fcdbc e-con-full e-flex e-con e-child\" data-id=\"389fcdbc\" data-element_type=\"container\">\n\t\t<div class=\"elementor-element elementor-element-42ea9589 e-con-full e-flex e-con e-child\" data-id=\"42ea9589\" data-element_type=\"container\">\n\t\t<div class=\"elementor-element elementor-element-87c58c4 e-con-full e-flex e-con e-child\" data-id=\"87c58c4\" data-element_type=\"container\">\n\t\t\t\t<div class=\"elementor-element elementor-element-c721a62 animated-slow elementor-invisible elementor-widget elementor-widget-heading\" data-id=\"c721a62\" data-element_type=\"widget\" data-settings=\"{&quot;_animation&quot;:&quot;fadeInUp&quot;}\" data-widget_type=\"heading.default\">\n\t\t\t\t<div class=\"elementor-widget-container\">\n\t\t\t\t\t<h5 class=\"elementor-heading-title elementor-size-default\">About Us<\/h5>\t\t\t\t<\/div>\n\t\t\t\t<\/div>\n\t\t\t\t<div class=\"elementor-element elementor-element-7483dea elementor-widget__width-initial animated-slow elementor-widget-mobile__width-initial elementor-invisible elementor-widget elementor-widget-heading\" data-id=\"7483dea\" data-element_type=\"widget\" data-settings=\"{&quot;_animation&quot;:&quot;fadeInUp&quot;,&quot;_animation_delay&quot;:300}\" data-widget_type=\"heading.default\">\n\t\t\t\t<div class=\"elementor-widget-container\">\n\t\t\t\t\t<h2 class=\"elementor-heading-title elementor-size-default\">Excellence. Trust. Ethics. Innovation.<\/h2>\t\t\t\t<\/div>\n\t\t\t\t<\/div>\n\t\t\t\t<\/div>\n\t\t\t\t<div class=\"elementor-element elementor-element-7a4d993e elementor-drop-cap-yes animated-slow elementor-drop-cap-view-default elementor-invisible elementor-widget elementor-widget-text-editor\" data-id=\"7a4d993e\" data-element_type=\"widget\" data-settings=\"{&quot;drop_cap&quot;:&quot;yes&quot;,&quot;_animation&quot;:&quot;fadeInUp&quot;,&quot;_animation_delay&quot;:500}\" data-widget_type=\"text-editor.default\">\n\t\t\t\t<div class=\"elementor-widget-container\">\n\t\t\t\t\t\t\t\t\t<p>The &nbsp; <strong>R&amp;M Selections<\/strong> was founded on the extensive experience of its founders, who bring over 45 years of combined expertise across the company\u2019s business areas. From day one, our mission has been clear: to deliver excellence through quality, innovation, and a strong client focus. This approach has enabled us to build solid, long-lasting relationships and establish a strong reputation in the markets where we operate.<br \/>We specialize in the textile sector, offering high-quality, innovative products by carefully selecting the finest raw materials and designs tailored to different climates and market demands. Additionally, we have expanded into the <strong>custom uniform and professional workwear segment<\/strong>, where our design team ensures that each piece reflects the unique identity of our clients. Our presence extends across various industries, including hospitality, retail, corporate services, security forces, hospitals, clinics, and airlines.<br \/>With headquarters in <strong>Coimbra<\/strong> and a strong presence in <strong>Dubai<\/strong>, we are strategically positioned to serve diverse markets. Our portfolio also includes <strong>real estate, international trading, procurement, and architecture &amp; interior design<\/strong>. With a highly skilled team and a philosophy rooted in ethics, precision, and innovation, <strong>R&amp;M Selections<\/strong> continuously adapts to global market demands while maintaining a strong focus on growth and continuous improvement.<\/p>\t\t\t\t\t\t\t\t<\/div>\n\t\t\t\t<\/div>\n\t\t\t\t<\/div>\n\t\t\t\t<\/div>\n\t\t\t\t\t<\/div>\n\t\t\t\t<\/div>\n\t\t<div class=\"elementor-element elementor-element-28186b85 e-flex e-con-boxed e-con e-parent\" data-id=\"28186b85\" data-element_type=\"container\">\n\t\t\t\t\t<div class=\"e-con-inner\">\n\t\t<div class=\"elementor-element elementor-element-1163f79f e-con-full e-flex e-con e-child\" data-id=\"1163f79f\" data-element_type=\"container\">\n\t\t\t\t<div class=\"elementor-element elementor-element-4f00fce animated-slow elementor-invisible elementor-widget elementor-widget-heading\" data-id=\"4f00fce\" data-element_type=\"widget\" data-settings=\"{&quot;_animation&quot;:&quot;fadeInUp&quot;}\" data-widget_type=\"heading.default\">\n\t\t\t\t<div class=\"elementor-widget-container\">\n\t\t\t\t\t<h5 class=\"elementor-heading-title elementor-size-default\">Our Mission<\/h5>\t\t\t\t<\/div>\n\t\t\t\t<\/div>\n\t\t\t\t<div class=\"elementor-element elementor-element-47e4970e animated-fast elementor-invisible elementor-widget elementor-widget-text-editor\" data-id=\"47e4970e\" data-element_type=\"widget\" data-settings=\"{&quot;_animation&quot;:&quot;fadeInUp&quot;}\" data-widget_type=\"text-editor.default\">\n\t\t\t\t<div class=\"elementor-widget-container\">\n\t\t\t\t\t\t\t\t\t<p>To provide innovative, high-quality solutions with a strong emphasis on customization and client relationships. We operate with rigor, ethics, and commitment, ensuring sustainable value creation in every market we serve.<\/p>\t\t\t\t\t\t\t\t<\/div>\n\t\t\t\t<\/div>\n\t\t\t\t<div class=\"elementor-element elementor-element-51290ff animated-slow elementor-invisible elementor-widget elementor-widget-heading\" data-id=\"51290ff\" data-element_type=\"widget\" data-settings=\"{&quot;_animation&quot;:&quot;fadeInUp&quot;}\" data-widget_type=\"heading.default\">\n\t\t\t\t<div class=\"elementor-widget-container\">\n\t\t\t\t\t<h5 class=\"elementor-heading-title elementor-size-default\">Our Values<\/h5>\t\t\t\t<\/div>\n\t\t\t\t<\/div>\n\t\t\t\t<\/div>\n\t\t\t\t\t<\/div>\n\t\t\t\t<\/div>\n\t\t<div class=\"elementor-element elementor-element-f275060 e-flex e-con-boxed e-con e-parent\" data-id=\"f275060\" data-element_type=\"container\">\n\t\t\t\t\t<div class=\"e-con-inner\">\n\t\t<div class=\"elementor-element elementor-element-669b3a09 e-con-full animated-slow e-flex elementor-invisible e-con e-child\" data-id=\"669b3a09\" data-element_type=\"container\" data-settings=\"{&quot;animation&quot;:&quot;fadeInUp&quot;}\">\n\t\t<div class=\"elementor-element elementor-element-1e4cc3ad e-con-full e-flex e-con e-child\" data-id=\"1e4cc3ad\" data-element_type=\"container\">\n\t\t<div class=\"elementor-element elementor-element-673f070f e-con-full e-flex e-con e-child\" data-id=\"673f070f\" data-element_type=\"container\">\n\t\t\t\t<div class=\"elementor-element elementor-element-7c2d8e33 elementor-widget__width-initial elementor-widget elementor-widget-heading\" data-id=\"7c2d8e33\" data-element_type=\"widget\" data-widget_type=\"heading.default\">\n\t\t\t\t<div class=\"elementor-widget-container\">\n\t\t\t\t\t<h4 class=\"elementor-heading-title elementor-size-default\">Excellence &amp; Quality<\/h4>\t\t\t\t<\/div>\n\t\t\t\t<\/div>\n\t\t\t\t<\/div>\n\t\t\t\t<\/div>\n\t\t\t\t<div class=\"elementor-element elementor-element-38595cc elementor-widget-divider--view-line elementor-widget elementor-widget-divider\" data-id=\"38595cc\" data-element_type=\"widget\" data-widget_type=\"divider.default\">\n\t\t\t\t<div class=\"elementor-widget-container\">\n\t\t\t\t\t\t\t<div class=\"elementor-divider\">\n\t\t\t<span class=\"elementor-divider-separator\">\n\t\t\t\t\t\t<\/span>\n\t\t<\/div>\n\t\t\t\t\t\t<\/div>\n\t\t\t\t<\/div>\n\t\t\t\t<div class=\"elementor-element elementor-element-3da62c30 elementor-widget elementor-widget-text-editor\" data-id=\"3da62c30\" data-element_type=\"widget\" data-widget_type=\"text-editor.default\">\n\t\t\t\t<div class=\"elementor-widget-container\">\n\t\t\t\t\t\t\t\t\t<p><span style=\"font-weight: 400;\">Commitment to the highest standards in every solution we deliver.<\/span><\/p>\t\t\t\t\t\t\t\t<\/div>\n\t\t\t\t<\/div>\n\t\t\t\t<\/div>\n\t\t<div class=\"elementor-element elementor-element-3948051 e-con-full animated-slow e-flex elementor-invisible e-con e-child\" data-id=\"3948051\" data-element_type=\"container\" data-settings=\"{&quot;animation&quot;:&quot;fadeInUp&quot;,&quot;animation_delay&quot;:300}\">\n\t\t<div class=\"elementor-element elementor-element-50b1ddd e-con-full e-flex e-con e-child\" data-id=\"50b1ddd\" data-element_type=\"container\">\n\t\t<div class=\"elementor-element elementor-element-be452da e-con-full e-flex e-con e-child\" data-id=\"be452da\" data-element_type=\"container\">\n\t\t\t\t<div class=\"elementor-element elementor-element-9468f0f elementor-widget__width-initial elementor-widget elementor-widget-heading\" data-id=\"9468f0f\" data-element_type=\"widget\" data-widget_type=\"heading.default\">\n\t\t\t\t<div class=\"elementor-widget-container\">\n\t\t\t\t\t<h4 class=\"elementor-heading-title elementor-size-default\">Proximity &amp; Trust<\/h4>\t\t\t\t<\/div>\n\t\t\t\t<\/div>\n\t\t\t\t<\/div>\n\t\t\t\t<\/div>\n\t\t\t\t<div class=\"elementor-element elementor-element-014a0c0 elementor-widget-divider--view-line elementor-widget elementor-widget-divider\" data-id=\"014a0c0\" data-element_type=\"widget\" data-widget_type=\"divider.default\">\n\t\t\t\t<div class=\"elementor-widget-container\">\n\t\t\t\t\t\t\t<div class=\"elementor-divider\">\n\t\t\t<span class=\"elementor-divider-separator\">\n\t\t\t\t\t\t<\/span>\n\t\t<\/div>\n\t\t\t\t\t\t<\/div>\n\t\t\t\t<\/div>\n\t\t\t\t<div class=\"elementor-element elementor-element-e00544e elementor-widget elementor-widget-text-editor\" data-id=\"e00544e\" data-element_type=\"widget\" data-widget_type=\"text-editor.default\">\n\t\t\t\t<div class=\"elementor-widget-container\">\n\t\t\t\t\t\t\t\t\t<p><span style=\"font-weight: 400;\">We build strong, long-term relationships with our clients &amp; partners.<\/span><\/p>\t\t\t\t\t\t\t\t<\/div>\n\t\t\t\t<\/div>\n\t\t\t\t<\/div>\n\t\t<div class=\"elementor-element elementor-element-728716a e-con-full animated-slow e-flex elementor-invisible e-con e-child\" data-id=\"728716a\" data-element_type=\"container\" data-settings=\"{&quot;animation&quot;:&quot;fadeInUp&quot;,&quot;animation_delay&quot;:500}\">\n\t\t<div class=\"elementor-element elementor-element-577653c e-con-full e-flex e-con e-child\" data-id=\"577653c\" data-element_type=\"container\">\n\t\t<div class=\"elementor-element elementor-element-8deee35 e-con-full e-flex e-con e-child\" data-id=\"8deee35\" data-element_type=\"container\">\n\t\t\t\t<div class=\"elementor-element elementor-element-dc95d00 elementor-widget__width-initial elementor-widget elementor-widget-heading\" data-id=\"dc95d00\" data-element_type=\"widget\" data-widget_type=\"heading.default\">\n\t\t\t\t<div class=\"elementor-widget-container\">\n\t\t\t\t\t<h4 class=\"elementor-heading-title elementor-size-default\"><a href=\"#\">Ethics &amp; Precision<\/a><\/h4>\t\t\t\t<\/div>\n\t\t\t\t<\/div>\n\t\t\t\t<\/div>\n\t\t\t\t<\/div>\n\t\t\t\t<div class=\"elementor-element elementor-element-ff8b2d5 elementor-widget-divider--view-line elementor-widget elementor-widget-divider\" data-id=\"ff8b2d5\" data-element_type=\"widget\" data-widget_type=\"divider.default\">\n\t\t\t\t<div class=\"elementor-widget-container\">\n\t\t\t\t\t\t\t<div class=\"elementor-divider\">\n\t\t\t<span class=\"elementor-divider-separator\">\n\t\t\t\t\t\t<\/span>\n\t\t<\/div>\n\t\t\t\t\t\t<\/div>\n\t\t\t\t<\/div>\n\t\t\t\t<div class=\"elementor-element elementor-element-1305ca6 elementor-widget elementor-widget-text-editor\" data-id=\"1305ca6\" data-element_type=\"widget\" data-widget_type=\"text-editor.default\">\n\t\t\t\t<div class=\"elementor-widget-container\">\n\t\t\t\t\t\t\t\t\t<p><span style=\"font-weight: 400;\">Operating with transparency, integrity, and responsibility in all business areas.<\/span><\/p>\t\t\t\t\t\t\t\t<\/div>\n\t\t\t\t<\/div>\n\t\t\t\t<\/div>\n\t\t<div class=\"elementor-element elementor-element-06dd7d4 e-con-full animated-slow e-flex elementor-invisible e-con e-child\" data-id=\"06dd7d4\" data-element_type=\"container\" data-settings=\"{&quot;animation&quot;:&quot;fadeInUp&quot;,&quot;animation_delay&quot;:700}\">\n\t\t<div class=\"elementor-element elementor-element-5b506fd e-con-full e-flex e-con e-child\" data-id=\"5b506fd\" data-element_type=\"container\">\n\t\t<div class=\"elementor-element elementor-element-07d556b e-con-full e-flex e-con e-child\" data-id=\"07d556b\" data-element_type=\"container\">\n\t\t\t\t<div class=\"elementor-element elementor-element-3e0666c elementor-widget__width-initial elementor-widget elementor-widget-heading\" data-id=\"3e0666c\" data-element_type=\"widget\" data-widget_type=\"heading.default\">\n\t\t\t\t<div class=\"elementor-widget-container\">\n\t\t\t\t\t<h4 class=\"elementor-heading-title elementor-size-default\"><a href=\"#\">Innovation &amp; Adaptability<\/a><\/h4>\t\t\t\t<\/div>\n\t\t\t\t<\/div>\n\t\t\t\t<\/div>\n\t\t\t\t<\/div>\n\t\t\t\t<div class=\"elementor-element elementor-element-6766deb elementor-widget-divider--view-line elementor-widget elementor-widget-divider\" data-id=\"6766deb\" data-element_type=\"widget\" data-widget_type=\"divider.default\">\n\t\t\t\t<div class=\"elementor-widget-container\">\n\t\t\t\t\t\t\t<div class=\"elementor-divider\">\n\t\t\t<span class=\"elementor-divider-separator\">\n\t\t\t\t\t\t<\/span>\n\t\t<\/div>\n\t\t\t\t\t\t<\/div>\n\t\t\t\t<\/div>\n\t\t\t\t<div class=\"elementor-element elementor-element-074a38b elementor-widget elementor-widget-text-editor\" data-id=\"074a38b\" data-element_type=\"widget\" data-widget_type=\"text-editor.default\">\n\t\t\t\t<div class=\"elementor-widget-container\">\n\t\t\t\t\t\t\t\t\t<p><span style=\"font-weight: 400;\">Continuously seeking new solutions to meet evolving market challenges.<\/span><\/p>\t\t\t\t\t\t\t\t<\/div>\n\t\t\t\t<\/div>\n\t\t\t\t<\/div>\n\t\t<div class=\"elementor-element elementor-element-6872b0f e-con-full animated-slow e-flex elementor-invisible e-con e-child\" data-id=\"6872b0f\" data-element_type=\"container\" data-settings=\"{&quot;animation&quot;:&quot;fadeInUp&quot;,&quot;animation_delay&quot;:900}\">\n\t\t<div class=\"elementor-element elementor-element-e10d753 e-con-full e-flex e-con e-child\" data-id=\"e10d753\" data-element_type=\"container\">\n\t\t<div class=\"elementor-element elementor-element-1bfe472 e-con-full e-flex e-con e-child\" data-id=\"1bfe472\" data-element_type=\"container\">\n\t\t\t\t<div class=\"elementor-element elementor-element-98bbe8c elementor-widget__width-initial elementor-widget elementor-widget-heading\" data-id=\"98bbe8c\" data-element_type=\"widget\" data-widget_type=\"heading.default\">\n\t\t\t\t<div class=\"elementor-widget-container\">\n\t\t\t\t\t<h4 class=\"elementor-heading-title elementor-size-default\"><a href=\"#\">Sustainability &amp; Social Responsibility<\/a><\/h4>\t\t\t\t<\/div>\n\t\t\t\t<\/div>\n\t\t\t\t<\/div>\n\t\t\t\t<\/div>\n\t\t\t\t<div class=\"elementor-element elementor-element-76282be elementor-widget-divider--view-line elementor-widget elementor-widget-divider\" data-id=\"76282be\" data-element_type=\"widget\" data-widget_type=\"divider.default\">\n\t\t\t\t<div class=\"elementor-widget-container\">\n\t\t\t\t\t\t\t<div class=\"elementor-divider\">\n\t\t\t<span class=\"elementor-divider-separator\">\n\t\t\t\t\t\t<\/span>\n\t\t<\/div>\n\t\t\t\t\t\t<\/div>\n\t\t\t\t<\/div>\n\t\t\t\t<div class=\"elementor-element elementor-element-3c420da elementor-widget elementor-widget-text-editor\" data-id=\"3c420da\" data-element_type=\"widget\" data-widget_type=\"text-editor.default\">\n\t\t\t\t<div class=\"elementor-widget-container\">\n\t\t\t\t\t\t\t\t\t<p><span style=\"font-weight: 400;\">Operating with transparency, integrity, and responsibility in all business areas.<\/span><\/p>\t\t\t\t\t\t\t\t<\/div>\n\t\t\t\t<\/div>\n\t\t\t\t<\/div>\n\t\t\t\t\t<\/div>\n\t\t\t\t<\/div>\n\t\t<div class=\"elementor-element elementor-element-68e259f e-flex e-con-boxed e-con e-parent\" data-id=\"68e259f\" data-element_type=\"container\">\n\t\t\t\t\t<div class=\"e-con-inner\">\n\t\t<div class=\"elementor-element elementor-element-e7d3368 e-con-full e-flex e-con e-child\" data-id=\"e7d3368\" data-element_type=\"container\">\n\t\t\t\t<div class=\"elementor-element elementor-element-c724609 animated-slow elementor-invisible elementor-widget elementor-widget-heading\" data-id=\"c724609\" data-element_type=\"widget\" data-settings=\"{&quot;_animation&quot;:&quot;fadeInUp&quot;}\" data-widget_type=\"heading.default\">\n\t\t\t\t<div class=\"elementor-widget-container\">\n\t\t\t\t\t<h5 class=\"elementor-heading-title elementor-size-default\">Our Vision<\/h5>\t\t\t\t<\/div>\n\t\t\t\t<\/div>\n\t\t\t\t<div class=\"elementor-element elementor-element-1c9f6c7 animated-slow elementor-invisible elementor-widget elementor-widget-text-editor\" data-id=\"1c9f6c7\" data-element_type=\"widget\" data-settings=\"{&quot;_animation&quot;:&quot;fadeInUp&quot;}\" data-widget_type=\"text-editor.default\">\n\t\t\t\t<div class=\"elementor-widget-container\">\n\t\t\t\t\t\t\t\t\t<p>To be a global benchmark in our business areas, recognized for excellence, innovation, and commitment to sustainability. We aim for sustainable growth, strengthening trust with our clients and partners while contributing to a more responsible and ethical business environment.<\/p>\t\t\t\t\t\t\t\t<\/div>\n\t\t\t\t<\/div>\n\t\t\t\t<\/div>\n\t\t\t\t\t<\/div>\n\t\t\t\t<\/div>\n\t\t\t\t<\/div>","protected":false},"excerpt":{"rendered":"<p>Quem Somos Excel\u00eancia. Confian\u00e7a. \u00c9tica. Inova\u00e7\u00e3o. A R&amp;M Selections nasce da experi\u00eancia consolidada dos seus fundadores, que, em conjunto, somam mais de 45 anos de conhecimento nas diversas \u00e1reas de atua\u00e7\u00e3o da empresa. Desde o primeiro dia, a nossa miss\u00e3o tem sido clara: oferecer solu\u00e7\u00f5es de excel\u00eancia, com um compromisso inabal\u00e1vel com a qualidade, inova\u00e7\u00e3o [&hellip;]<\/p>","protected":false},"author":2,"featured_media":0,"parent":0,"menu_order":0,"comment_status":"closed","ping_status":"closed","template":"elementor_header_footer","meta":{"footnotes":""},"class_list":["post-168","page","type-page","status-publish","hentry"],"_links":{"self":[{"href":"https:\/\/rmselections.pt\/en\/wp-json\/wp\/v2\/pages\/168","targetHints":{"allow":["GET"]}}],"collection":[{"href":"https:\/\/rmselections.pt\/en\/wp-json\/wp\/v2\/pages"}],"about":[{"href":"https:\/\/rmselections.pt\/en\/wp-json\/wp\/v2\/types\/page"}],"author":[{"embeddable":true,"href":"https:\/\/rmselections.pt\/en\/wp-json\/wp\/v2\/users\/2"}],"replies":[{"embeddable":true,"href":"https:\/\/rmselections.pt\/en\/wp-json\/wp\/v2\/comments?post=168"}],"version-history":[{"count":13,"href":"https:\/\/rmselections.pt\/en\/wp-json\/wp\/v2\/pages\/168\/revisions"}],"predecessor-version":[{"id":207,"href":"https:\/\/rmselections.pt\/en\/wp-json\/wp\/v2\/pages\/168\/revisions\/207"}],"wp:attachment":[{"href":"https:\/\/rmselections.pt\/en\/wp-json\/wp\/v2\/media?parent=168"}],"curies":[{"name":"wp","href":"https:\/\/api.w.org\/{rel}","templated":true}]}}